{"id":3537,"date":"2022-07-18T08:20:50","date_gmt":"2022-07-18T05:20:50","guid":{"rendered":"https:\/\/test.standartcivata.com.tr\/kariyer-yetenegi-gelistirmek\/"},"modified":"2026-03-06T20:11:32","modified_gmt":"2026-03-06T17:11:32","slug":"developing-talent","status":"publish","type":"page","link":"https:\/\/sttrading.com.pl\/en\/developing-talent\/","title":{"rendered":"Developing Talent"},"content":{"rendered":"<p><!-- Detail--><\/p>\n<section class=\"detail bg-secondary\">\n<div class=\"head-custom fadeup\">\n<div class=\"caption\">\n<p><a class=\"button border light small\" href=\"\/en\/career\">Back<\/a><\/p>\n<h1>Developing Talent<\/h1>\n<p>We believe in the power of continuous development and support lifelong learning through the development programs we carry out. We establish training centers to contribute to the personal and professional life of young talents who want to work in the sector.<\/p>\n<\/div>\n<figure><img decoding=\"async\" src=\"\/wp-content\/uploads\/2023\/11\/yetenegigelistirmek2.jpg\" \/><\/figure>\n<\/div>\n<section class=\"card-items-ci\">\n<div class=\"items\">\n<div class=\"item\">\n<div class=\"image\">\n<figure><img decoding=\"async\" src=\"\/wp-content\/uploads\/2022\/10\/en-lider-1.jpg\" alt=\"\" data-speed=\"auto\" \/><\/figure>\n<\/div>\n<\/div>\n<div class=\"item\">\n<div class=\"caption\">\n<p><span class=\"fadeup\">Leadership Development Program<\/span><\/p>\n<p class=\"fadeup\"><strong>As we move towards becoming a global company that grows together with its employees and pursues excellence;<br \/>\n<\/strong><\/p>\n<p class=\"fadeup\">ENLider Sensin (Leadership Development Program) has been held since 2020 to lead our business and human resources in the most efficient way, strengthen the leadership skills of leaders who keep our corporate values alive, and ensure that a common leadership approach is performed in accordance with our business goals and strategies. The program, which covers all managers of Norm Holding, continues adding strength to our leadership power.<\/p>\n<\/div>\n<\/div>\n<\/div>\n<div class=\"items\">\n<div class=\"item\">\n<div class=\"image\">\n<figure><img decoding=\"async\" src=\"\/wp-content\/uploads\/2022\/10\/norm-mentor-1.jpg\" alt=\"\" data-speed=\"auto\" \/><\/figure>\n<\/div>\n<\/div>\n<div class=\"item\">\n<div class=\"caption\">\n<p><span class=\"fadeup\">NorMentor<\/span><\/p>\n<p class=\"fadeup\"><strong>NorMentor Program aimes to reach Norm Holding\u2019s future strategies and targets. It enables our employees to improve themselves by taking advantage of the knowledge and experience of today\u2019s managers.<br \/>\n<\/strong><\/p>\n<p class=\"fadeup\">We believe in the power of learning from each other. The program which takes one year, has been running since 2019. Mentors and mentees are supported with training, articles, books, and development guides prepared for them in the program.<\/p>\n<\/div>\n<\/div>\n<\/div>\n<div class=\"items\">\n<div class=\"item\">\n<div class=\"image\">\n<figure><img decoding=\"async\" src=\"\/wp-content\/uploads\/2022\/10\/sahanin-gucu-1.jpg\" alt=\"\" data-speed=\"auto\" \/><\/figure>\n<\/div>\n<\/div>\n<div class=\"item\">\n<div class=\"caption\">\n<p><span class=\"fadeup\">The Power of the Field, The Power of Norm<\/span><\/p>\n<p class=\"fadeup\"><strong>Our \u201cPower of the Field, The Power of Norm \u201d project aims to ensure the development of first-level managers since 2018.<br \/>\n<\/strong><\/p>\n<p class=\"fadeup\">This project, carried out to train candidates for Field Leader and Team Leader positions, received the Silver Award in the category of Blue-Collar Development Programs from TEGEP in 2020.<\/p>\n<p class=\"fadeup\">Click to play <a href=\"https:\/\/www.youtube.com\/watch?v=ZG5wF5Yjbm0\" target=\"_blank\" rel=\"noopener\">video.<\/a><\/p>\n<\/div>\n<\/div>\n<\/div>\n<div class=\"items\">\n<div class=\"item\">\n<div class=\"image\">\n<figure><img decoding=\"async\" src=\"\/wp-content\/uploads\/2022\/10\/mesleki-egitim-1.jpg\" alt=\"\" data-speed=\"auto\" \/><\/figure>\n<\/div>\n<\/div>\n<div class=\"item\">\n<div class=\"caption\">\n<p><span class=\"fadeup\">Norm Vocational Training Center<\/span><\/p>\n<p class=\"fadeup\"><strong>Apprenticeship training centers were established in Izmir in 2007 and in Salihli in 2015 to train qualified manpower for the sector and to provide vocational skills to young people who cannot continue their education for various reasons. <\/strong><\/p>\n<p class=\"fadeup\">Vocational training center students are developed with personal development training, technical training, project studies, seminars, technical and cultural trips, and vocational training.<\/p>\n<\/div>\n<\/div>\n<\/div>\n<div class=\"items\">\n<div class=\"item\">\n<div class=\"image\">\n<figure><img decoding=\"async\" src=\"\/wp-content\/uploads\/2022\/10\/AOSB-Nedim-Uysal.png\" alt=\"\" data-speed=\"auto\" \/><\/figure>\n<\/div>\n<\/div>\n<div class=\"item\">\n<div class=\"caption\">\n<p><span class=\"fadeup\">\u00d6zel \u0130zmir Atat\u00fcrk Organize Sanayi B\u00f6lgesi Nedim Uysal Mesleki Ve Teknik Anadolu Lisesi<\/span><\/p>\n<p class=\"fadeup\"><strong>In 2014, \u201c\u00d6zel \u0130zmir Atat\u00fcrk Organize Sanayi B\u00f6lgesi Nedim Uysal Mesleki Ve Teknik Anadolu Lisesi\u201d was established by \u0130zmir Atat\u00fcrk Organized Industrial Zone Management and named Nedim Uysal whom Norm Holding Founder and Honorary Chairman of the Board of Directors<\/strong><\/p>\n<p class=\"fadeup\">Engineers who will shape the development of the industry are trained. Students receive 100% scholarship education in fully equipped laboratories and classrooms with technology.<\/p>\n<\/div>\n<\/div>\n<\/div>\n<div class=\"items\">\n<div class=\"item\">\n<div class=\"image\">\n<figure><img decoding=\"async\" src=\"\/wp-content\/uploads\/2022\/10\/kaizen-1.jpg\" alt=\"\" data-speed=\"auto\" \/><\/figure>\n<\/div>\n<\/div>\n<div class=\"item\">\n<div class=\"caption\">\n<p><span class=\"fadeup\">Kaizen Awards<\/span><\/p>\n<p class=\"fadeup\"><strong>Kaizen studies improve our corporate culture and serve as a source of motivation for our teams by increasing the ability to work as a team. In all our companies within the Holding, we carry out HSE, quality, productivity, cost improvement, and development activities of our processes with Kaizen studies received through the suggestion system.<br \/>\n<\/strong><\/p>\n<p class=\"fadeup\">The Kaizen process starts with our personnel digitally entering recommendations into the system via QDMS mobile and web applications. Our completed Kaizen works are evaluated and scored according to our Appreciation and Rewarding Procedure. Suggestions are awarded every quarter of the year.<\/p>\n<\/div>\n<\/div>\n<\/div>\n<\/section>\n<\/section>\n","protected":false},"excerpt":{"rendered":"<p>Back Developing Talent We believe in the power of continuous development and support lifelong learning through the development programs we carry out. We establish training centers to contribute to the personal and professional life of young talents who want to work in the sector. Leadership Development Program As we move towards becoming a global company <a href=\"https:\/\/sttrading.com.pl\/en\/developing-talent\/\" class=\"more-link\">&#8230;<span class=\"screen-reader-text\">  Developing Talent<\/span><\/a><\/p>\n","protected":false},"author":9,"featured_media":0,"parent":0,"menu_order":0,"comment_status":"closed","ping_status":"closed","template":"page-templates\/kariyer-page_2.php","meta":{"footnotes":""},"class_list":["post-3537","page","type-page","status-publish","hentry"],"yoast_head":"<!-- This site is optimized with the Yoast SEO plugin v27.3 - https:\/\/yoast.com\/product\/yoast-seo-wordpress\/ -->\n<title>Developing Talent \u2013 Training &amp; Career Growth | ST Trading<\/title>\n<meta name=\"description\" content=\"ST Trading invests in developing talent through technical training, mentoring and clear career progression paths in industrial supply.\" \/>\n<meta name=\"robots\" content=\"index, follow, max-snippet:-1, max-image-preview:large, max-video-preview:-1\" \/>\n<link rel=\"canonical\" href=\"https:\/\/sttrading.com.pl\/en\/developing-talent\/\" \/>\n<meta property=\"og:locale\" content=\"en_US\" \/>\n<meta property=\"og:type\" content=\"article\" \/>\n<meta property=\"og:title\" content=\"Developing Talent \u2013 Training &amp; Career Growth | ST Trading\" \/>\n<meta property=\"og:description\" content=\"ST Trading invests in developing talent through technical training, mentoring and clear career progression paths in industrial supply.\" \/>\n<meta property=\"og:url\" content=\"https:\/\/sttrading.com.pl\/en\/developing-talent\/\" \/>\n<meta property=\"og:site_name\" content=\"ST Trading\" \/>\n<meta property=\"article:modified_time\" content=\"2026-03-06T17:11:32+00:00\" \/>\n<meta name=\"twitter:card\" content=\"summary_large_image\" \/>\n<meta name=\"twitter:label1\" content=\"Est. reading time\" \/>\n\t<meta name=\"twitter:data1\" content=\"4 minutes\" \/>\n<script type=\"application\/ld+json\" class=\"yoast-schema-graph\">{\"@context\":\"https:\\\/\\\/schema.org\",\"@graph\":[{\"@type\":\"WebPage\",\"@id\":\"https:\\\/\\\/sttrading.com.pl\\\/en\\\/developing-talent\\\/\",\"url\":\"https:\\\/\\\/sttrading.com.pl\\\/en\\\/developing-talent\\\/\",\"name\":\"Developing Talent \u2013 Training & Career Growth | ST Trading\",\"isPartOf\":{\"@id\":\"https:\\\/\\\/sttrading.com.pl\\\/#website\"},\"datePublished\":\"2022-07-18T05:20:50+00:00\",\"dateModified\":\"2026-03-06T17:11:32+00:00\",\"description\":\"ST Trading invests in developing talent through technical training, mentoring and clear career progression paths in industrial supply.\",\"breadcrumb\":{\"@id\":\"https:\\\/\\\/sttrading.com.pl\\\/en\\\/developing-talent\\\/#breadcrumb\"},\"inLanguage\":\"en-US\",\"potentialAction\":[{\"@type\":\"ReadAction\",\"target\":[\"https:\\\/\\\/sttrading.com.pl\\\/en\\\/developing-talent\\\/\"]}]},{\"@type\":\"BreadcrumbList\",\"@id\":\"https:\\\/\\\/sttrading.com.pl\\\/en\\\/developing-talent\\\/#breadcrumb\",\"itemListElement\":[{\"@type\":\"ListItem\",\"position\":1,\"name\":\"Home\",\"item\":\"https:\\\/\\\/sttrading.com.pl\\\/en\\\/\"},{\"@type\":\"ListItem\",\"position\":2,\"name\":\"Developing Talent\"}]},{\"@type\":\"WebSite\",\"@id\":\"https:\\\/\\\/sttrading.com.pl\\\/#website\",\"url\":\"https:\\\/\\\/sttrading.com.pl\\\/\",\"name\":\"ST Trading\",\"description\":\"\",\"publisher\":{\"@id\":\"https:\\\/\\\/sttrading.com.pl\\\/#organization\"},\"potentialAction\":[{\"@type\":\"SearchAction\",\"target\":{\"@type\":\"EntryPoint\",\"urlTemplate\":\"https:\\\/\\\/sttrading.com.pl\\\/?s={search_term_string}\"},\"query-input\":{\"@type\":\"PropertyValueSpecification\",\"valueRequired\":true,\"valueName\":\"search_term_string\"}}],\"inLanguage\":\"en-US\"},{\"@type\":\"Organization\",\"@id\":\"https:\\\/\\\/sttrading.com.pl\\\/#organization\",\"name\":\"ST Trading\",\"url\":\"https:\\\/\\\/sttrading.com.pl\\\/\",\"logo\":{\"@type\":\"ImageObject\",\"inLanguage\":\"en-US\",\"@id\":\"https:\\\/\\\/sttrading.com.pl\\\/#\\\/schema\\\/logo\\\/image\\\/\",\"url\":\"https:\\\/\\\/sttrading.com.pl\\\/wp-content\\\/uploads\\\/2026\\\/03\\\/logo.jpg\",\"contentUrl\":\"https:\\\/\\\/sttrading.com.pl\\\/wp-content\\\/uploads\\\/2026\\\/03\\\/logo.jpg\",\"width\":818,\"height\":760,\"caption\":\"ST Trading\"},\"image\":{\"@id\":\"https:\\\/\\\/sttrading.com.pl\\\/#\\\/schema\\\/logo\\\/image\\\/\"},\"sameAs\":[\"https:\\\/\\\/www.linkedin.com\\\/company\\\/st-trading-\\\/\"]}]}<\/script>\n<!-- \/ Yoast SEO plugin. -->","yoast_head_json":{"title":"Developing Talent \u2013 Training & Career Growth | ST Trading","description":"ST Trading invests in developing talent through technical training, mentoring and clear career progression paths in industrial supply.","robots":{"index":"index","follow":"follow","max-snippet":"max-snippet:-1","max-image-preview":"max-image-preview:large","max-video-preview":"max-video-preview:-1"},"canonical":"https:\/\/sttrading.com.pl\/en\/developing-talent\/","og_locale":"en_US","og_type":"article","og_title":"Developing Talent \u2013 Training & Career Growth | ST Trading","og_description":"ST Trading invests in developing talent through technical training, mentoring and clear career progression paths in industrial supply.","og_url":"https:\/\/sttrading.com.pl\/en\/developing-talent\/","og_site_name":"ST Trading","article_modified_time":"2026-03-06T17:11:32+00:00","twitter_card":"summary_large_image","twitter_misc":{"Est. reading time":"4 minutes"},"schema":{"@context":"https:\/\/schema.org","@graph":[{"@type":"WebPage","@id":"https:\/\/sttrading.com.pl\/en\/developing-talent\/","url":"https:\/\/sttrading.com.pl\/en\/developing-talent\/","name":"Developing Talent \u2013 Training & Career Growth | ST Trading","isPartOf":{"@id":"https:\/\/sttrading.com.pl\/#website"},"datePublished":"2022-07-18T05:20:50+00:00","dateModified":"2026-03-06T17:11:32+00:00","description":"ST Trading invests in developing talent through technical training, mentoring and clear career progression paths in industrial supply.","breadcrumb":{"@id":"https:\/\/sttrading.com.pl\/en\/developing-talent\/#breadcrumb"},"inLanguage":"en-US","potentialAction":[{"@type":"ReadAction","target":["https:\/\/sttrading.com.pl\/en\/developing-talent\/"]}]},{"@type":"BreadcrumbList","@id":"https:\/\/sttrading.com.pl\/en\/developing-talent\/#breadcrumb","itemListElement":[{"@type":"ListItem","position":1,"name":"Home","item":"https:\/\/sttrading.com.pl\/en\/"},{"@type":"ListItem","position":2,"name":"Developing Talent"}]},{"@type":"WebSite","@id":"https:\/\/sttrading.com.pl\/#website","url":"https:\/\/sttrading.com.pl\/","name":"ST Trading","description":"","publisher":{"@id":"https:\/\/sttrading.com.pl\/#organization"},"potentialAction":[{"@type":"SearchAction","target":{"@type":"EntryPoint","urlTemplate":"https:\/\/sttrading.com.pl\/?s={search_term_string}"},"query-input":{"@type":"PropertyValueSpecification","valueRequired":true,"valueName":"search_term_string"}}],"inLanguage":"en-US"},{"@type":"Organization","@id":"https:\/\/sttrading.com.pl\/#organization","name":"ST Trading","url":"https:\/\/sttrading.com.pl\/","logo":{"@type":"ImageObject","inLanguage":"en-US","@id":"https:\/\/sttrading.com.pl\/#\/schema\/logo\/image\/","url":"https:\/\/sttrading.com.pl\/wp-content\/uploads\/2026\/03\/logo.jpg","contentUrl":"https:\/\/sttrading.com.pl\/wp-content\/uploads\/2026\/03\/logo.jpg","width":818,"height":760,"caption":"ST Trading"},"image":{"@id":"https:\/\/sttrading.com.pl\/#\/schema\/logo\/image\/"},"sameAs":["https:\/\/www.linkedin.com\/company\/st-trading-\/"]}]}},"_links":{"self":[{"href":"https:\/\/sttrading.com.pl\/en\/wp-json\/wp\/v2\/pages\/3537","targetHints":{"allow":["GET"]}}],"collection":[{"href":"https:\/\/sttrading.com.pl\/en\/wp-json\/wp\/v2\/pages"}],"about":[{"href":"https:\/\/sttrading.com.pl\/en\/wp-json\/wp\/v2\/types\/page"}],"author":[{"embeddable":true,"href":"https:\/\/sttrading.com.pl\/en\/wp-json\/wp\/v2\/users\/9"}],"replies":[{"embeddable":true,"href":"https:\/\/sttrading.com.pl\/en\/wp-json\/wp\/v2\/comments?post=3537"}],"version-history":[{"count":7,"href":"https:\/\/sttrading.com.pl\/en\/wp-json\/wp\/v2\/pages\/3537\/revisions"}],"predecessor-version":[{"id":5709,"href":"https:\/\/sttrading.com.pl\/en\/wp-json\/wp\/v2\/pages\/3537\/revisions\/5709"}],"wp:attachment":[{"href":"https:\/\/sttrading.com.pl\/en\/wp-json\/wp\/v2\/media?parent=3537"}],"curies":[{"name":"wp","href":"https:\/\/api.w.org\/{rel}","templated":true}]}}